{"id":4171,"date":"2024-08-15T14:39:38","date_gmt":"2024-08-15T12:39:38","guid":{"rendered":"https:\/\/www.edneymedia.no\/?page_id=4171"},"modified":"2025-02-17T11:18:32","modified_gmt":"2025-02-17T10:18:32","slug":"fototjenester-for-byggfirmaer","status":"publish","type":"page","link":"https:\/\/www.edneymedia.no\/en\/fototjenester-for-byggfirmaer\/","title":{"rendered":"Profesjonelle Fototjenester for Byggfirmaer"},"content":{"rendered":"<div id=\"cs-content\" class=\"cs-content\"><div class=\"x-section e4171-e1 m37v-0 m37v-1\"><div class=\"x-bg\"><div class=\"x-bg-layer-lower-img\"><img decoding=\"async\" src=\"https:\/\/www.edneymedia.no\/wp-content\/uploads\/2024\/07\/01bmjk.jpg\" alt=\"Moderne hus fra en byggmester med kvalitet i alle detaljer\" loading=\"lazy\"\/><\/div><\/div><div class=\"x-row x-container max width e4171-e2 m37v-4 m37v-5 m37v-6\"><div class=\"x-row-inner\"><div class=\"x-col e4171-e3 m37v-8 m37v-9 m37v-a\"><\/div><\/div><\/div><\/div><div class=\"x-section e4171-e4 m37v-0 m37v-2\"><div class=\"x-row x-container max width e4171-e5 m37v-4 m37v-5 m37v-7\"><div class=\"x-row-inner\"><div class=\"x-col e4171-e6 m37v-8 m37v-b\"><div class=\"x-text x-text-headline e4171-e7 m37v-c m37v-d m37v-e\"><div class=\"x-text-content\"><div class=\"x-text-content-text\"><h2 class=\"x-text-content-text-primary\">Bestill en fotosesjon i dag<\/h2>\n<\/div><\/div><\/div><div class=\"x-text x-content e4171-e8 m37v-i m37v-j m37v-k\">Vi har n\u00e5 mulighet til \u00e5 ta p\u00e5 oss nye oppdrag fra begynnelsen av september, s\u00e5 ta gjerne kontakt i dag!<\/div><a class=\"x-anchor x-anchor-button e4171-e9 m37v-o m37v-p m37v-3\" tabindex=\"0\" href=\"#kontakt\" data-x-effect=\"{&quot;durationBase&quot;:&quot;300ms&quot;}\"><div class=\"x-anchor-content\"><div class=\"x-anchor-text\"><span class=\"x-anchor-text-primary\">Ta kontakt<\/span><\/div><\/div><\/a><\/div><div class=\"x-col e4171-e10 m37v-8 m37v-a\"><div class=\"x-text x-text-headline e4171-e11 m37v-c m37v-f m37v-g\"><div class=\"x-text-content\"><div class=\"x-text-content-text\"><h1 class=\"x-text-content-text-primary\">Profesjonelle Fototjenester for Byggfirmaer<\/h1>\n<\/div><\/div><\/div><hr class=\"x-line e4171-e12 m37v-r\"\/><div class=\"x-text x-text-headline e4171-e13 m37v-c m37v-e m37v-f m37v-h\"><div class=\"x-text-content\"><div class=\"x-text-content-text\"><h2 class=\"x-text-content-text-primary\">Fang Essensen av Ditt Byggprosjekt med Profesjonell Fotografering<\/h2>\n<\/div><\/div><\/div><div class=\"x-text x-content e4171-e14 m37v-k m37v-l m37v-m\"><p>Vi hjelper byggfirmaer med \u00e5 presentere sine ferdige prosjekter p\u00e5 best mulig m\u00e5te, med profesjonelle bilder som selger dr\u00f8mmen om et nytt hjem eller andre byggeprosjekter.<\/p>\n<p>V\u00e5r spesialitet er \u00e5 fange de unike detaljene slik at arbeidet ditt skinner gjennom p\u00e5 nettsider, i brosjyrer og p\u00e5 sosiale medier. Med et \u00f8ye for design leverer vi visuelt sl\u00e5ende bilder som ikke bare dokumenterer prosjektene dine, men ogs\u00e5 inspirerer og vekker interesse hos potensielle kunder.<\/p><\/div><div class=\"x-slide-container-viewport is-loading e4171-e15 m37v-s\" data-x-slide-container=\"{&quot;keyboardNavigation&quot;:false,&quot;autoplayStartInView&quot;:true,&quot;snap&quot;:true,&quot;scrollBySlide&quot;:true,&quot;wrapAround&quot;:true,&quot;int&quot;:&quot;drag off&quot;,&quot;direction&quot;:&quot;forward&quot;,&quot;startingSlide&quot;:1,&quot;autoplay&quot;:&quot;interval&quot;}\"><div class=\"x-slide-container-content\"><div class=\"x-slide-container is-inline is-paged\"><div class=\"x-slide e4171-e16 m37v-t\" data-x-slide=\"\"><span class=\"x-image e4171-e17 m37v-u\"><img decoding=\"async\" src=\"https:\/\/www.edneymedia.no\/wp-content\/uploads\/2024\/07\/18bmjk-1200x800.jpg\" width=\"1200\" height=\"800\" alt=\"Klassisk kj\u00f8kken med kvalitet i alle detaljer\" loading=\"lazy\"><\/span><\/div><div class=\"x-slide e4171-e18 m37v-t\" data-x-slide=\"\"><span class=\"x-image e4171-e19 m37v-u\"><img decoding=\"async\" src=\"https:\/\/www.edneymedia.no\/wp-content\/uploads\/2024\/07\/13bmjk-1200x800.jpg\" width=\"1200\" height=\"800\" alt=\"Ferdig hytteprosjekt med kvalitet i all ledd\" loading=\"lazy\"><\/span><\/div><div class=\"x-slide e4171-e20 m37v-t\" data-x-slide=\"\"><span class=\"x-image e4171-e21 m37v-u\"><img decoding=\"async\" src=\"https:\/\/www.edneymedia.no\/wp-content\/uploads\/2024\/07\/17bmjk-1200x800.jpg\" width=\"1200\" height=\"800\" alt=\"Image\" loading=\"lazy\"><\/span><\/div><div class=\"x-slide e4171-e22 m37v-t\" data-x-slide=\"\"><span class=\"x-image e4171-e23 m37v-u\"><img decoding=\"async\" src=\"https:\/\/www.edneymedia.no\/wp-content\/uploads\/2024\/08\/10bmjk-1200x800.jpg\" width=\"1200\" height=\"800\" alt=\"Vennlige og kvalitetsbevisste ansatte som gj\u00f8r sitt beste for kundene\" loading=\"lazy\"><\/span><\/div><div class=\"x-slide e4171-e24 m37v-t\" data-x-slide=\"\"><span class=\"x-image e4171-e25 m37v-u\"><img decoding=\"async\" src=\"https:\/\/www.edneymedia.no\/wp-content\/uploads\/2024\/07\/08bmjk-1200x800.jpg\" width=\"1200\" height=\"800\" alt=\"Image\" loading=\"lazy\"><\/span><\/div><\/div><\/div><\/div><div class=\"x-text x-content e4171-e26 m37v-k m37v-l m37v-m\"><p>Etter mange &aring;rs erfaring med &aring; lage nettsider og annet markedsf&oslash;ringsmateriale for byggfirmaer, har vi l&aelig;rt at en av de viktigste faktorene for suksess er &aring; ha gode bilder. <span style=\"font-weight:400;\">Uten kvalitetsbilder kan du rett og slett ikke ha en effektiv nettside eller en sterk tilstedev&aelig;relse p&aring; sosiale medier.<\/span><\/p>\n<p>Bilder er det som f&oslash;rst fanger oppmerksomheten, forteller historien om dine prosjekter, og formidler den profesjonaliteten og kvaliteten som dine kunder forventer. Gode bilder er grunnlaget for &aring; bygge en visuell identitet som virkelig skiller seg ut i en konkurransepreget bransje.<\/p><\/div><div id=\"kontakt\" class=\"x-text x-content e4171-e27 m37v-j m37v-k m37v-m m37v-n\">Vi har kontor p\u00e5 Flekker\u00f8ya og jobber hovedsakelig med firmaer i Kristiansandsomr\u00e5det. Ring <span style=\"font-weight:400;\">Steve Edney<\/span> i dag for en prat, eller fyll ut kontaktskjemaet under, s\u00e5 tar vi kontakt med deg. Vi ser frem til \u00e5 h\u00f8re fra deg!<\/div><a class=\"x-anchor x-anchor-button has-graphic e4171-e28 m37v-o m37v-q m37v-3\" tabindex=\"0\" href=\"tel:+4798039238\" data-x-effect=\"{&quot;durationBase&quot;:&quot;300ms&quot;}\"><div class=\"x-anchor-content\"><span class=\"x-graphic\" aria-hidden=\"true\"><span class=\"x-icon x-graphic-child x-graphic-icon x-graphic-primary\" aria-hidden=\"true\"><\/span><\/span><div class=\"x-anchor-text\"><span class=\"x-anchor-text-primary\">980 39 238<\/span><\/div><\/div><\/a><div class=\"x-form-integration x-form-integration-contact-form-7 e4171-e29 m37v-v\"><p class=\"wpcf7-contact-form-not-found\"><strong>Error:<\/strong> Contact form not found.<\/p><\/div><\/div><\/div><\/div><\/div><\/div>","protected":false},"excerpt":{"rendered":"<p>Bestill en fotosesjon i dag Vi har n\u00e5 mulighet til \u00e5 ta p\u00e5 oss nye oppdrag fra begynnelsen av september, s\u00e5 ta gjerne kontakt i dag!Ta kontaktProfesjonelle Fototjenester for Byggfirmaer Fang Essensen av Ditt Byggprosjekt med Profesjonell Fotografering Vi hjelper byggfirmaer med \u00e5 presentere sine ferdige prosjekter p\u00e5 best mulig m\u00e5te, med profesjonelle bilder som selger dr\u00f8mmen om et nytt &#8230; <\/p>\n<div><a href=\"https:\/\/www.edneymedia.no\/en\/fototjenester-for-byggfirmaer\/\" class=\"more-link\">Read More<\/a><\/div>\n","protected":false},"author":2,"featured_media":4126,"parent":0,"menu_order":0,"comment_status":"closed","ping_status":"closed","template":"template-blank-4.php","meta":{"_acf_changed":false,"footnotes":""},"class_list":["post-4171","page","type-page","status-publish","has-post-thumbnail","hentry"],"acf":[],"_links":{"self":[{"href":"https:\/\/www.edneymedia.no\/en\/wp-json\/wp\/v2\/pages\/4171","targetHints":{"allow":["GET"]}}],"collection":[{"href":"https:\/\/www.edneymedia.no\/en\/wp-json\/wp\/v2\/pages"}],"about":[{"href":"https:\/\/www.edneymedia.no\/en\/wp-json\/wp\/v2\/types\/page"}],"author":[{"embeddable":true,"href":"https:\/\/www.edneymedia.no\/en\/wp-json\/wp\/v2\/users\/2"}],"replies":[{"embeddable":true,"href":"https:\/\/www.edneymedia.no\/en\/wp-json\/wp\/v2\/comments?post=4171"}],"version-history":[{"count":0,"href":"https:\/\/www.edneymedia.no\/en\/wp-json\/wp\/v2\/pages\/4171\/revisions"}],"wp:featuredmedia":[{"embeddable":true,"href":"https:\/\/www.edneymedia.no\/en\/wp-json\/wp\/v2\/media\/4126"}],"wp:attachment":[{"href":"https:\/\/www.edneymedia.no\/en\/wp-json\/wp\/v2\/media?parent=4171"}],"curies":[{"name":"wp","href":"https:\/\/api.w.org\/{rel}","templated":true}]}}